{"id":283,"date":"2020-11-25T09:39:25","date_gmt":"2020-11-25T07:39:25","guid":{"rendered":"https:\/\/lostescape.lt\/cart\/"},"modified":"2020-11-25T09:39:25","modified_gmt":"2020-11-25T07:39:25","slug":"cart","status":"publish","type":"page","link":"https:\/\/lostescape.lt\/en\/cart\/","title":{"rendered":"Cart"},"content":{"rendered":"<div class=\"woocommerce\"><div class=\"woocommerce-notices-wrapper\"><\/div><div class=\"wc-empty-cart-message\">\n\t<div class=\"wc-block-components-notice-banner is-info\" role=\"status\">\n\t\t<svg xmlns=\"http:\/\/www.w3.org\/2000\/svg\" viewBox=\"0 0 24 24\" width=\"24\" height=\"24\" aria-hidden=\"true\" focusable=\"false\">\n\t\t\t<path d=\"M12 3.2c-4.8 0-8.8 3.9-8.8 8.8 0 4.8 3.9 8.8 8.8 8.8 4.8 0 8.8-3.9 8.8-8.8 0-4.8-4-8.8-8.8-8.8zm0 16c-4 0-7.2-3.3-7.2-7.2C4.8 8 8 4.8 12 4.8s7.2 3.3 7.2 7.2c0 4-3.2 7.2-7.2 7.2zM11 17h2v-6h-2v6zm0-8h2V7h-2v2z\"><\/path>\n\t\t<\/svg>\n\t\t<div class=\"wc-block-components-notice-banner__content\">\n\t\t\tYour cart is currently empty.\t\t<\/div>\n\t<\/div>\n<\/div><\/div>\n","protected":false},"excerpt":{"rendered":"","protected":false},"author":1,"featured_media":0,"parent":0,"menu_order":0,"comment_status":"closed","ping_status":"closed","template":"","meta":{"_acf_changed":false,"footnotes":""},"class_list":["post-283","page","type-page","status-publish","hentry"],"acf":[],"yoast_head":"<!-- This site is optimized with the Yoast SEO plugin v27.3 - https:\/\/yoast.com\/product\/yoast-seo-wordpress\/ -->\n<title>Cart - LostEscape escape rooms in Kaunas |LostEscape<\/title>\n<meta name=\"robots\" content=\"index, follow, max-snippet:-1, max-image-preview:large, max-video-preview:-1\" \/>\n<link rel=\"canonical\" href=\"https:\/\/lostescape.lt\/en\/cart\/\" \/>\n<meta property=\"og:locale\" content=\"en_US\" \/>\n<meta property=\"og:type\" content=\"article\" \/>\n<meta property=\"og:title\" content=\"Cart - LostEscape escape rooms in Kaunas |LostEscape\" \/>\n<meta property=\"og:url\" content=\"https:\/\/lostescape.lt\/en\/cart\/\" \/>\n<meta property=\"og:site_name\" content=\"LostEscape escape rooms in Kaunas |LostEscape\" \/>\n<meta name=\"twitter:card\" content=\"summary_large_image\" \/>\n<script type=\"application\/ld+json\" class=\"yoast-schema-graph\">{\"@context\":\"https:\\\/\\\/schema.org\",\"@graph\":[{\"@type\":\"WebPage\",\"@id\":\"https:\\\/\\\/lostescape.lt\\\/en\\\/cart\\\/\",\"url\":\"https:\\\/\\\/lostescape.lt\\\/en\\\/cart\\\/\",\"name\":\"Cart - LostEscape escape rooms in Kaunas |LostEscape\",\"isPartOf\":{\"@id\":\"https:\\\/\\\/lostescape.lt\\\/#website\"},\"datePublished\":\"2020-11-25T07:39:25+00:00\",\"breadcrumb\":{\"@id\":\"https:\\\/\\\/lostescape.lt\\\/en\\\/cart\\\/#breadcrumb\"},\"inLanguage\":\"en-US\",\"potentialAction\":[{\"@type\":\"ReadAction\",\"target\":[\"https:\\\/\\\/lostescape.lt\\\/en\\\/cart\\\/\"]}]},{\"@type\":\"BreadcrumbList\",\"@id\":\"https:\\\/\\\/lostescape.lt\\\/en\\\/cart\\\/#breadcrumb\",\"itemListElement\":[{\"@type\":\"ListItem\",\"position\":1,\"name\":\"Home\",\"item\":\"https:\\\/\\\/lostescape.lt\\\/\"},{\"@type\":\"ListItem\",\"position\":2,\"name\":\"Cart\"}]},{\"@type\":\"WebSite\",\"@id\":\"https:\\\/\\\/lostescape.lt\\\/#website\",\"url\":\"https:\\\/\\\/lostescape.lt\\\/\",\"name\":\"LostEscape escape rooms in Kaunas |LostEscape\",\"description\":\"60 minu\u010di\u0173 kurios pakeis tavo gyvenim\u0105\",\"potentialAction\":[{\"@type\":\"SearchAction\",\"target\":{\"@type\":\"EntryPoint\",\"urlTemplate\":\"https:\\\/\\\/lostescape.lt\\\/?s={search_term_string}\"},\"query-input\":{\"@type\":\"PropertyValueSpecification\",\"valueRequired\":true,\"valueName\":\"search_term_string\"}}],\"inLanguage\":\"en-US\"}]}<\/script>\n<!-- \/ Yoast SEO plugin. -->","yoast_head_json":{"title":"Cart - LostEscape escape rooms in Kaunas |LostEscape","robots":{"index":"index","follow":"follow","max-snippet":"max-snippet:-1","max-image-preview":"max-image-preview:large","max-video-preview":"max-video-preview:-1"},"canonical":"https:\/\/lostescape.lt\/en\/cart\/","og_locale":"en_US","og_type":"article","og_title":"Cart - LostEscape escape rooms in Kaunas |LostEscape","og_url":"https:\/\/lostescape.lt\/en\/cart\/","og_site_name":"LostEscape escape rooms in Kaunas |LostEscape","twitter_card":"summary_large_image","schema":{"@context":"https:\/\/schema.org","@graph":[{"@type":"WebPage","@id":"https:\/\/lostescape.lt\/en\/cart\/","url":"https:\/\/lostescape.lt\/en\/cart\/","name":"Cart - LostEscape escape rooms in Kaunas |LostEscape","isPartOf":{"@id":"https:\/\/lostescape.lt\/#website"},"datePublished":"2020-11-25T07:39:25+00:00","breadcrumb":{"@id":"https:\/\/lostescape.lt\/en\/cart\/#breadcrumb"},"inLanguage":"en-US","potentialAction":[{"@type":"ReadAction","target":["https:\/\/lostescape.lt\/en\/cart\/"]}]},{"@type":"BreadcrumbList","@id":"https:\/\/lostescape.lt\/en\/cart\/#breadcrumb","itemListElement":[{"@type":"ListItem","position":1,"name":"Home","item":"https:\/\/lostescape.lt\/"},{"@type":"ListItem","position":2,"name":"Cart"}]},{"@type":"WebSite","@id":"https:\/\/lostescape.lt\/#website","url":"https:\/\/lostescape.lt\/","name":"LostEscape escape rooms in Kaunas |LostEscape","description":"60 minu\u010di\u0173 kurios pakeis tavo gyvenim\u0105","potentialAction":[{"@type":"SearchAction","target":{"@type":"EntryPoint","urlTemplate":"https:\/\/lostescape.lt\/?s={search_term_string}"},"query-input":{"@type":"PropertyValueSpecification","valueRequired":true,"valueName":"search_term_string"}}],"inLanguage":"en-US"}]}},"_links":{"self":[{"href":"https:\/\/lostescape.lt\/en\/wp-json\/wp\/v2\/pages\/283","targetHints":{"allow":["GET"]}}],"collection":[{"href":"https:\/\/lostescape.lt\/en\/wp-json\/wp\/v2\/pages"}],"about":[{"href":"https:\/\/lostescape.lt\/en\/wp-json\/wp\/v2\/types\/page"}],"author":[{"embeddable":true,"href":"https:\/\/lostescape.lt\/en\/wp-json\/wp\/v2\/users\/1"}],"replies":[{"embeddable":true,"href":"https:\/\/lostescape.lt\/en\/wp-json\/wp\/v2\/comments?post=283"}],"version-history":[{"count":0,"href":"https:\/\/lostescape.lt\/en\/wp-json\/wp\/v2\/pages\/283\/revisions"}],"wp:attachment":[{"href":"https:\/\/lostescape.lt\/en\/wp-json\/wp\/v2\/media?parent=283"}],"curies":[{"name":"wp","href":"https:\/\/api.w.org\/{rel}","templated":true}]}}