{"id":286,"date":"2020-11-25T09:40:28","date_gmt":"2020-11-25T07:40:28","guid":{"rendered":"https:\/\/lostescape.lt\/privacy-policy\/"},"modified":"2020-11-25T09:40:28","modified_gmt":"2020-11-25T07:40:28","slug":"privacy-policy","status":"publish","type":"page","link":"https:\/\/lostescape.lt\/en\/privacy-policy\/","title":{"rendered":"Privacy policy"},"content":{"rendered":"\n<p>UAB \u201cOsteris\u201d<br\/>\u012emon\u0117s kodas:\u00a0303355536, Kaunas, Juozapavi\u010diaus pr. 3L ( toliau Bendrov\u0117)<\/p>\n\n<p><strong>1.Bendrosios nuostatos<\/strong><br\/>1.1 J\u016bs\u0173 asmens duomen\u0173 valdytojas yra UAB \u201cOsteris\u201d , \u012emon\u0117s kodas:\u00a0303355536,<br\/>turinti b\u016bstin\u0119 Kaunas, Juozapavi\u010diaus pr. 3L ., kontaktiniai duomenys\u00a0skelbiami www.lostescape.lt<br\/>1.2. Mes r\u016bpinam\u0117s J\u016bs\u0173 asmens duomen\u0173 apsauga ir privatumu, tod\u0117l \u0161ia privatumo politika\u00a0(toliau \u2013 Politika) informuojame Jus apie asmens duomen\u0173 tvarkym\u0105, duomen\u0173 subjekto teises,\u00a0asmens duomen\u0173 apsaugos \u012fgyvendinimo priemones ir kitus su asmens duomen\u0173 tvarkymu\u00a0susijusius klausimus.<br\/>1.3 Bendrov\u0117 renka asmens duomenis, kuriuos asmuo savanori\u0161kai pateikia elektroniniu pa\u0161tu,\u00a0registruotu pa\u0161tu, faksu, telefonu, ar naudodamasis Bendrov\u0117s\u00a0internetiniu puslapiu.<br\/>1.4 Visi Bendrov\u0117s gauti asmens duomenys yra kaupiami, saugomi ir tvarkomi pagal Lietuvos\u00a0Respublikos asmens duomen\u0173 apsaugos \u012fstatyme,Europos S\u0105jungos Bendruoju duomen\u0173\u00a0apsaugos reglamente Nr. 2016\/679 bei kituose Lietuvos Respublikos asmens duomen\u0173 apsaug\u0105\u00a0reglamentuojan\u010diuose teis\u0117s aktuose numatytus reikalavimus.<br\/>1.5 Bendrov\u0117 u\u017etikrina, kad Bednrov\u0117s tvarkom\u0173 asmens duomen\u0173 apsaugos lygis atitinka\u00a0Lietuvos Respublikos teis\u0117s akt\u0173 reikalavimus.<br\/><strong>2. S\u0105vokos<\/strong><br\/>2.1. Dokumente vartojamos s\u0105vokos:<br\/>2.1.1. Asmens duomenys \u2013 bet kokia informacija apie fizin\u012f asmen\u012f, kurio tapatyb\u0117 yra\u00a0nustatyta arba kurio tapatyb\u0119 galima nustatyti (duomen\u0173 subjektas). Fizinis asmuo, kurio\u00a0tapatyb\u0119 galima nustatyti, yra asmuo, kurio tapatyb\u0119 galima nustatyti, vis\u0173 pirma pagal tam\u00a0tikr\u0105 identifikatori\u0173, kaip vard\u0105 ir pavard\u0119, asmens identifikavimo numer\u012f, buvimo vietos\u00a0duomenis ir interneto identifikatori\u0173 arba pagal vien\u0105 ar kelis to fizinio asmens fizin\u0117s,\u00a0fiziologin\u0117s, genetin\u0117s, psichin\u0117s, ekonomin\u0117s, kult\u016brin\u0117s ar socialin\u0117s tapatyb\u0117s po\u017eymius;<br\/>2.1.2. Duomen\u0173 subjektas \u2013 rei\u0161kia fizin\u012f asmen\u012f, i\u0161 kurio Bendrov\u0117 gauna ir tvarko asmens\u00a0duomenis;<br\/>2.1.3. Duomen\u0173 gav\u0117jas \u2013 asmuo, kuriam teikiami asmens duomenys;<br\/>2.1.4. Duomen\u0173 teikimas \u2013 asmens duomen\u0173 atskleidimas perduodant ar kitu b\u016bdu padarant\u00a0juos prieinamus (i\u0161skyrus paskelbim\u0105 visuomen\u0117s informavimo priemon\u0117se);<br\/>2.1.5. Duomen\u0173 tvarkymas \u2013 bet koks su asmens duomenimis atliekamas veiksmas: rinkimas,\u00a0kaupimas, saugojimas, u\u017era\u0161ymas, klasifikavimas, grupavimas, jungimas, keitimas\u00a0(papildymas ar taisymas), teikimas, paskelbimas, naudojimas, login\u0117s ir (arba) aritmetin\u0117s\u00a0operacijos, paie\u0161ka, skleidimas, naikinimas ar kitoks veiksmas arba veiksm\u0173 rinkinys;<br\/>2.1.6. Duomen\u0173 tvarkymas automatiniu b\u016bdu \u2013 duomen\u0173 tvarkymo veiksmai, visi\u0161kai ar i\u0161\u00a0dalies atliekami automatin\u0117mis priemon\u0117mis;<br\/>2.1.7. Duomen\u0173 tvarkytojas \u2013 juridinis ar fizinis (kuris n\u0117ra duomen\u0173 valdytojo darbuotojas)\u00a0asmuo, duomen\u0173 valdytojo \u012fgaliotas tvarkyti asmens duomenis. Duomen\u0173 tvarkytojas ir (arba)\u00a0jo skyrimo tvarka gali b\u016bti nustatyti \u012fstatymuose ar kituose teis\u0117s aktuose;<br\/>2.1.8. Duomen\u0173 valdytojas \u2013 juridinis ar fizinis asmuo, kuris vienas arba drauge su kitais\u00a0nustato asmens duomen\u0173 tvarkymo tikslus ir priemones. Jeigu duomen\u0173 tvarkymo tikslus\u00a0nustato \u012fstatymai ar kiti teis\u0117s aktai, duomen\u0173 valdytojas ir (arba) jo skyrimo tvarka gali b\u016bti\u00a0nustatyti tuose \u012fstatymuose ar kituose teis\u0117s aktuose;<br\/>2.1.9. Sutikimas \u2013 bet koks laisva valia duotas, konkretus ir nedviprasmi\u0161kas tinkamai\u00a0informuoto duomen\u0173 subjekto valios i\u0161rei\u0161kimas parei\u0161kimu arba vienareik\u0161miais veiksmais\u00a0kuriais jis sutinka, kad b\u016bt\u0173 tvarkomi su juo susij\u0119 asmens duomenys;<br\/>2.1.10. Tiesiogin\u0117 rinkodara \u2013 veikla, skirta pa\u0161tu, telefonu arba kitokiu tiesioginiu b\u016bdu\u00a0si\u016blyti asmenims prekes ar paslaugas ir (arba) teirautis j\u0173 nuomon\u0117s d\u0117l si\u016blom\u0173 preki\u0173 ar\u00a0paslaug\u0173;<br\/>2.1.11. Tre\u010diasis asmuo \u2013 juridinis ar fizinis asmuo, i\u0161skyrus duomen\u0173 subjekt\u0105, duomen\u0173\u00a0valdytoj\u0105, duomen\u0173 tvarkytoj\u0105 ir asmenis, kurie yra tiesiogiai duomen\u0173 valdytojo ar duomen\u0173\u00a0tvarkytojo \u012fgalioti tvarkyti duomenis;<br\/>2.1.12. Kitos \u0161ioje Politikoje vartojamos s\u0105vokos yra suprantamos taip, kaip jos apibr\u0117\u017etos\u00a0Lietuvos Respublikos asmens duomen\u0173 teisin\u0117s apsaugos \u012fstatyme ir kituose asmens duomen\u0173\u00a0tvarkym\u0105 \u00a0 reglamentuojan\u010diuose teis\u0117s aktuose.<br\/><strong>3. Kokiais principais vadovaujam\u0117s tvarkydami asmens duomenis?<\/strong><br\/>3.1. Bendrov\u0117, tvarkydama asmens duomenis, vadovaujasi \u0161iais principais:<br\/>3.1.1. Asmens duomenis Bendrov\u0117 tvarko tik teis\u0117tiems ir Politikoje apibr\u0117\u017etiems tikslams\u00a0pasiekti;<br\/>3.1.2. Asmens duomenys yra tvarkomi tiksliai, s\u0105\u017einingai ir teis\u0117tai, laikantis teis\u0117s akt\u0173\u00a0reikalavim\u0173;<br\/>3.1.3. Bendrov\u0117 asmens duomenis tvarko taip, kad asmens duomenys b\u016bt\u0173 tiksl\u016bs ir esant j\u0173\u00a0pasikeitimui nuolat atnaujinami;<br\/>3.1.4. Bendrov\u0117 atlieka asmens duomen\u0173 tvarkym\u0105 tik ta apimtimi, kuri yra reikalinga asmens\u00a0duomen\u0173 tvarkymo tikslams pasiekti;<br\/>3.1.5. asmens duomenys saugomi tokia forma, kad duomen\u0173 subjekt\u0173 tapatyb\u0119 b\u016bt\u0173 galimanustatyti ne ilgiau, negu to reikia tiems tikslams, d\u0117l kuri\u0173 \u0161ie duomenys buvo surinkti ir\u00a0tvarkomi.<br\/>3.1.6. Duomen\u0173 subjekto asmens duomenis gali su\u017einoti tik atitinkam\u0105 kompetencij\u0105 turintys \u00a0Bendrov\u0117s darbuotojai ir\/ar tretieji asmenys, kuriuos Bendrov\u0117 pasitelk\u0117 paslaugai teikti, ir tik\u00a0tais atvejais, kai to reikia paslaugai suteikti.<br\/>3.2. Bendrov\u0117 gerbia Duomen\u0173 subjekto privatum\u0105 ir \u012fsipareigoja nuolatos laikytis \u0161iose\u00a0Politikoje nurodyt\u0173 Duomen\u0173 subjekto duomen\u0173 apsaugos princip\u0173.<br\/><strong>4. Kokiais tikslais tvarkome asmens duomenis?<\/strong><br\/>4.1. Asmens duomenys tvarkomi ir naudojami atsi\u017evelgiant \u012f tai, kokiais tikslais Duomen\u0173\u00a0subjektas juos pateik\u0117 Bendrovei ar kitais Duomen\u0173 subjekto patvirtintais tikslais.<br\/>4.2. Duomen\u0173 subjekto asmens duomen\u0173 naudojimo tikslai:<br\/>4.2.1. Duomen\u0173 subjekto atliekam\u0173 paslaug\u0173 pirkimo (u\u017esakymo) apdorojimui,\u00a0administravimui;<br\/>4.2.2. Duomen\u0173 subjekto identifikavimui Bendrov\u0117s informacin\u0117se sistemose;<br\/>4.2.3. Duomen\u0173 subjekto identifikavimui prisijungiant prie savo paskyros Bendrov\u0117s\u00a0internetiniame puslapyje (kai toki\u0105 galimyb\u0119 Bendrov\u0117 suteikia);<br\/>4.2.4. nupirkt\u0173 (u\u017esakyt\u0173) paslaug\u0173 kupon\u0173, patvirtinim\u0173, s\u0105skait\u0173 ir kit\u0173 finansini\u0173\u00a0dokument\u0173 i\u0161ra\u0161ymui ir pateikimui;<br\/>4.2.5. problem\u0173, susijusi\u0173 su sutarties vykdymu i\u0161sprendimui;<br\/>4.2.6. susisiekimui su Duomen\u0173 subjektu, pasikeitus Duomen\u0173 subjekto \u012fsigyt\u0173 preki\u0173 ar\u00a0paslaug\u0173 s\u0105lygoms;<br\/>4.2.7. kit\u0173 sutartini\u0173 \u012fsipareigojim\u0173 \u012fvykdymui;<br\/>4.2.8. Bendrov\u0117s Tiesiogin\u0117s rinkodaros tikslais;<br\/>4.2.9. saugumo, sveikatos, administraciniais, nusikaltim\u0173 prevencijos atskleidimo ir teisiniais\u00a0tikslais;<br\/>4.2.10. verslo analitikai, bendriesiems tyrimams, kurie leid\u017eia gerinti preki\u0173 ar paslaug\u0173\u00a0kokyb\u0119;<br\/>4.2.11. susisiekimui su Duomen\u0173 subjektu, tikslu gauti kliento atsiliepimus apie \u012fsigytas\u00a0paslaugas;<br\/>4.2.12. asmens kandidat\u016bros darbo pareigoms u\u017eimti vertinimui, susisiekimui su atitinkamu\u00a0kandidatu ir kt.;<br\/>4.2.13. auditui.<br\/>4.3. Duomen\u0173 subjektas, savanori\u0161kai pateikdamas Bendrovei savo asmens duomenis,\u00a0patvirtina ir savanori\u0161kai sutinka, kad Bendrov\u0117 valdyt\u0173 ir tvarkyt\u0173 Duomen\u0173 subjekto\u00a0asmeninius duomenis, laikantis \u0161ios Politikos, galiojan\u010di\u0173 \u012fstatym\u0173 bei kit\u0173 normini\u0173 teis\u0117s\u00a0akt\u0173.<br\/>4.4. Bendrov\u0117 \u012fsipareigoja be Duomen\u0173 subjekto sutikimo neatskleisti asmens duomen\u0173\u00a0informacijos tretiesiems asmenims, i\u0161skyrus, u\u017etikrinant tinkam\u0105 sutarties \u012fvykdym\u0105, kitas su\u00a0Duomen\u0173 subjekto u\u017esakyt\u0173 paslaug\u0173 tinkamu \u012fvykdymu susijusias paslaugas. Bendrov\u0117 taip\u00a0pat gali perduoti Duomen\u0173 subjekto asmens duomenis tretiesiems asmenims, kurie Bendrov\u0117s\u00a0vardu veikia kaip Duomen\u0173 tvarkytojai. Asmens duomenys gali b\u016bti teikiami tik tiems\u00a0Duomen\u0173 tvarkytojams, su kuriais Bendrov\u0117 yra pasira\u0161iusi atitinkamas Duomen\u0173 tvarkymo\u00a0sutartis. Yra laikoma, kad Duomen\u0173 subjektas yra apie tai informuotas, su tuo sutinka ir\u00a0Bendrov\u0117 neprisiima atsakomyb\u0117s d\u0117l \u017ealos, kylan\u010dios d\u0117l tre\u010di\u0173j\u0173 asmen\u0173 naudojimosi\u00a0Duomen\u0173 subjekto duomenimis tiek, kiek tai leid\u017eia \u012fstatymai. Visais kitais atvejais, Duomen\u0173\u00a0subjekto asmens duomenys tretiesiems asmenims gali b\u016bti atskleid\u017eiami tik Lietuvos\u00a0Respublikos teis\u0117s akt\u0173 numatyta tvarka.<br\/><strong>5. Kokius asmens duomenis tvarkome?<\/strong><br\/>5.1. Bendrov\u0117s renkama asmens duomen\u0173 informacija gali b\u016bti: Duomen\u0173 subjekto\u00a0pavadinimas, vardas, pavard\u0117, kodas, telefono numeris, elektroninio pa\u0161to adresas, \u012fmon\u0117s,\u00a0kurios vardu veikiama pavadinimas, , informacija apie Duomen\u0173 subjekto \u012fsigytas prekes ir\u00a0paslaugas (j\u0173 kiekiai, pirkimo datos, \u012fsigyt\u0173 paslaug\u0173 kainos, pirkimo istorija), Duomen\u0173\u00a0subjekto prisijungimo vardas ir slapta\u017eod\u017eio koduota forma Bendrov\u0117s internetiniame\u00a0puslapyje (jeigu Bendrov\u0117 toki\u0105 galimyb\u0119 suteikia). Bendrov\u0117s internetiniame puslapyje gali<br\/>b\u016bti renkama tam tikra informacija apie Duomen\u0173 subjekto apsilankym\u0105, pavyzd\u017eiui: interneto\u00a0protokolo (IP), kur\u012f naudodamas Duomen\u0173 subjektas pasiekia internet\u0105, adresas; Duomen\u0173\u00a0subjekto apsilankymo Bendrov\u0117s internetiniame puslapyje data ir laikas; kiti internetiniai\u00a0puslapiai, kuriuos Duomen\u0173 subjektas aplanko b\u016bdamas Bendrov\u0117s internetiniame puslapyje;\u00a0naudojama nar\u0161ykl\u0117; informacija apie Duomen\u0173 subjekto kompiuterio operacin\u0119 sistem\u0105;\u00a0mobili\u0173j\u0173 program\u0117li\u0173 versijos; kalbos nustatymai ir kita. Jei Duomen\u0173 subjektas naudoja\u00a0mobil\u0173j\u012f \u012frengin\u012f, taip pat gali b\u016bti renkami duomenys, leid\u017eiantys nustatyti mobiliojo \u012frenginio\u00a0tip\u0105, \u012frenginio nustatymus, taip pat geografines (ilgumos ir platumos) koordinates. \u0160i\u00a0informacija naudojama Bendrov\u0117s internetiniam puslapiui pagerinti, tendencijoms analizuoti,\u00a0produkt\u0173 ir paslaug\u0173 tobulinimui ir Bendrov\u0117s internetiniam puslapiui administruoti. Duomen\u0173\u00a0subjektas \u0161iuos duomenis savanori\u0161kai pateikia naudodamasis Bendrov\u0117s teikiamomis\u00a0paslaugomis, tap\u0119s registruotu Bendrov\u0117s internetinio puslapio vartotoju ar lankydamasis\u00a0Bendrov\u0117s internetiniame puslapyje.<br\/>5.2. Bendrov\u0117s renkama asmens duomen\u0173 informacija gali b\u016bti bet kokia auk\u0161\u010diau \u0161iame\u00a0straipsnyjenenurodyta, ta\u010diau duomen\u0173 subjekto savanori\u0161kai Bendrovei pateikta arba kitu\u00a0b\u016bdu Bendrov\u0117s gauta ir teis\u0117tai tvarkoma asmens duomen\u0173 informacija.<br\/><strong>6. Kokios yra asmens duomen\u0173 subjekto teis\u0117s?<\/strong><br\/>6.1. Duomen\u0173 subjekto teis\u0117s ir j\u0173 \u012fgyvendinimo priemon\u0117s:<br\/>6.1.1. \u017einoti apie savo asmens duomen\u0173 rinkim\u0105. Duomen\u0173 subjektas turi teis\u0119 susipa\u017einti\u00a0su savo asmens duomenimis;<br\/>6.1.2. susipa\u017einti su savo asmens duomenimis ir kaip jie yra tvarkomi. Duomen\u0173 subjektas\u00a0turi teis\u0119 kreiptis \u012f Bendrov\u0119 su pra\u0161ymu pateikti informacij\u0105 apie tai, kokie ir kokiu tikslu jo\u00a0asmens duomenys yra tvarkomi;<br\/>6.1.3. reikalauti i\u0161taisyti, sunaikinti savo asmens duomenis arba sustabdyti savo asmens\u00a0domen\u0173 tvarkym\u0105;<br\/>6.1.4. gauti savo pateiktus Duomenis perskaitoma strukt\u016brizuota forma, jei tai atitinka\u00a0\u012fstatym\u0173 apibr\u0117\u017etus kriterijus;<br\/>6.1.5. Duomen\u0173 subjektas turi teis\u0119 atsisakyti Duomen\u0173 tvarkymo, kai tvarkomi neprivalomi\u00a0duomenys. Kai Duomenys tvarkomi tiesiogin\u0117s rinkodaros tikslais, Duomen\u0173 subjektas gali\u00a0prie\u0161tarauti tokiam Tvarkymui (teis\u0117 prie\u0161tarauti). Bendrov\u0117, gavusi pra\u0161ym\u0105 nutraukti\u00a0neprivalomai tvarkom\u0173 asmens duomen\u0173 tvarkym\u0105, nedelsiant nutraukia tok\u012f tvarkym\u0105, nebent\u00a0tai prie\u0161tarauja teis\u0117s akt\u0173 reikalavimams, ir apie tai informuoja asmen\u012f;<br\/>6.1.6. bet kuriuo metu at\u0161aukti bet kok\u012f sutikim\u0105, kur\u012f Duomen\u0173 subjektas suteik\u0117\u00a0registruodamasis ar naudodamasis Bendrov\u0117s teikiamomis paslaugomis. Toks atsisakymas\u00a0nepaveiks Duomen\u0173 Tvarkymo, \u012fvykdyto iki atsisakymo ir paremto suteiktu sutikimu,\u00a0teis\u0117tumo;<br\/>6.1.7. atsisakyti pateikti asmens duomenis;<br\/>6.1.8. teikti skund\u0105 prie\u017ei\u016bros institucijai, jei yra pa\u017eeid\u017eiamos Duomen\u0173 subjekto teis\u0117s;<br\/><strong>7. Kas yra slapukai(\u201ecookies\u201c) ir kam jie naudojimi?<\/strong><br\/>7.1. Bendrov\u0117s internetiniame puslapyje yra naudojami duomen\u0173 analizavimo valdymo<br\/>\u012frankiai \u2013 slapukai (\u201ccookies\u201d).<br\/>7.2. Naudodamasis Bendrov\u0117s internetiniu puslapiu Duomen\u0173 subjektas sutinka, kad Duomen\u0173\u00a0subjekto kompiuteryje (\u012frenginyje) b\u016bt\u0173 \u012fra\u0161omi internetiniame .<br\/>7.3. Slapukai yra nedideli duomen\u0173 kiekiai, kuriuos internetinis puslapis patalpina Duomen\u0173\u00a0subjekto kompiuteryje. Internetiniai puslapiai neturi atminties. Duomen\u0173 subjektui nar\u0161ant po\u00a0skirtingus interneto puslapius Duomen\u0173 subjektas nebus atpa\u017eintas kaip tas pats vartotojas.\u00a0Slapukai leid\u017eia internetiniam puslapiui atpa\u017einti Duomen\u0173 subjekto nar\u0161ykl\u0119. Pagrindin\u0117\u00a0slapuk\u0173 paskirtis \u2013 prisiminti Duomen\u0173 subjekto pasirinktis, pavyzd\u017eiui, pageidaujam\u0105\u00a0internetinio puslapio kalb\u0105. Slapukai taip pat padeda Duomen\u0173 subjekt\u0105 atpa\u017einti, kai gr\u012f\u017eta \u012f\u00a0t\u0105 pat\u012f internetin\u012f puslap\u012f. Jie padeda internetin\u012f puslap\u012f pritaikyti asmeniniams poreikiams.\u00a0Slapukai negali b\u016bti naudojami programoms vykdyti ar virusams \u012f kompiuter\u012f perne\u0161ti.\u00a0Slapukai yra skiriami tik Duomen\u0173 subjektui ir juos gali perskaityti tik domeno, kuris i\u0161siunt\u0117\u00a0Duomen\u0173 subjektui slapuk\u0105, voratinklio serveris. Vienas svarbiausi\u0173 slapuk\u0173 tiksl\u0173 yra teikti\u00a0patogi\u0105 funkcij\u0105, kad taupyt\u0173 Duomen\u0173 subjekto laik\u0105. Pavyzd\u017eiui, jei Duomen\u0173 subjektas\u00a0tinklap\u012f taiko asmeniniams poreikiams arba nar\u0161o internetiniame puslapyje, slapukai\u00a0apsilankius v\u0117liau pad\u0117s internetiniam puslapiui atsiminti specifin\u0119 informacij\u0105. Taip\u00a0papras\u010diau pristatyti aktual\u0173 turin\u012f, lengviau nar\u0161yti internetiniame puslapyje ir pan. Sugr\u012f\u017e\u0119s \u012f\u00a0internetin\u012f puslap\u012f, Duomen\u0173 subjektas gali rasti savo anks\u010diau pateikt\u0105 informacij\u0105, taigi gali\u00a0lengviau naudoti jau pritaikytas internetinio puslapio funkcijas.<br\/>7.4. Slapuk\u0173 pagalba duomen\u0173 tvarkymas nesuteikia galimyb\u0117s tiesiogiai ar netiesiogiai\u00a0nustatyti vartotojo tapatyb\u0117s.<br\/>7.5. Bendrov\u0117s internetiniame puslapyje gali b\u016bti naudojami \u0161i\u0173 tip\u0173 slapukai:<br\/>7.6. Techniniai slapukai: j\u0173 pagalba Bendrov\u0117s internetinio puslapio vartotojams Bendrov\u0117\u00a0stengiasi pateikti pa\u017eang\u0173 bei lengv\u0105 naudoti internetin\u012f puslap\u012f, kuris automati\u0161kai prisitaiko\u00a0prie j\u0173 nor\u0173 ir poreiki\u0173.<br\/>7.7. Funkciniai slapukai: jie leid\u017eia prisiminti Duomen\u0173 subjekto pasirinkimus ir drauge\u00a0efektyviai naudotis internetiniu puslapiu.<br\/>7.8. Analitiniai slapukai: j\u0173 pagalba siekiama suprasti, kaip Bendrov\u0117s lankytojai naudoja\u00a0Bendrov\u0117s internetin\u012f puslap\u012f, atrasti silpn\u0105sias ir stipri\u0105sias internetinio puslapio dalis,\u00a0optimizuoti internetinio puslapio darb\u0105.<br\/>7.9. Komerciniai slapukai: \u0161iuos slapukus Bendrov\u0117 naudoja talpindama Bendrov\u0117s reklamas\u00a0kituose internetiniuose puslapiuose.<br\/>7.10. Kiekvien\u0105 kart\u0105 lankydamasis Bendrov\u0117s internetiniame puslapyje Duomen\u0173 subjektas\u00a0gali priimti ar atsisakyti naudotis slapukais, ta\u010diau tokiu atveju Bendrov\u0117 negali garantuoti\u00a0internetinio puslapio nar\u0161ymo kokyb\u0117s. Dauguma interneto nar\u0161ykli\u0173 automati\u0161kai priima\u00a0slapukus, bet jei Duomen\u0173 subjektas nori, nar\u0161ykl\u0119 gali lengvai modifikuoti, kad j\u0173 nepriimt\u0173.\u00a0Taigi, Duomen\u0173 subjektas turi galimyb\u0119 bet kuriuo metu i\u0161trinti dal\u012f ar visus slapukus i\u0161 savo\u00a0kompiuterio, ar juos u\u017eblokuoti, pasinaudodamas savo kompiuteryje esan\u010dia interneto\u00a0nar\u0161ykle. U\u017eblokavus slapukus, d\u0117l technini\u0173 prie\u017eas\u010di\u0173 kai kurios Bendrov\u0117s internetinio<br\/>puslapio dalys Duomen\u0173 subjektui gali neveikti ar veikti netinkamai.<br\/>7.11. Jokie asmeniniai kliento duomenys n\u0117ra kaupiami slapuk\u0173 pagalba.<br\/>7.12. B\u016btin\u0173 slapuk\u0173 \u012fra\u0161ymo metu jokiems tretiesiems asmenims informacija n\u0117ra teikiama.<br\/><strong>8. Tre\u010di\u0173j\u0173 asmen\u0173 tinklalapiai<\/strong><br\/>8.1 Bendrov\u0117 , n\u0117ra atsakinga u\u017e Kliento privatumo u\u017etikrinim\u0105 tre\u010di\u0173j\u0173 asmen\u0173 tinklalapiuose\u00a0net ir tais atvejais, kai tre\u010di\u0173j\u0173 asmen\u0173 tinklalapius Klientas pasieks naudodamasis \u0161iame\u00a0tinklalapyje esan\u010diomis nuorodomis. Bendrov\u0117 rekomenduoja susipa\u017einti su kiekvieno ne\u00a0Bendrov\u0117 priklausan\u010dio tinklalapio privatumo s\u0105lygomis.<br\/><strong>9. Informacijos saugumo u\u017etikrinimas<\/strong><br\/>9.1 Bendrov\u0117s tikslas yra u\u017etikrinti kiek \u012fmanoma didesn\u012f visos, i\u0161 Kliento ir i\u0161 vie\u0161\u0173j\u0173\u00a0duomen\u0173 rinkmen\u0173 gaunamos, informacijos saugum\u0105. Siekdama apsaugoti \u0161i\u0105 informacij\u0105 nuo\u00a0neteis\u0117tos prieigos, naudojimo, kopijavimo, atsitiktinio ar neteis\u0117to sunaikinimo, pakeitimo, ar\u00a0atskleidimo, taip pat nuo bet kokio kito neteis\u0117to tvarkymo Bendrov\u0117 naudoja tinkamas\u00a0teisines, administracines, technines ir fizines saugumo priemones.<br\/><strong>10. Baigiamosios nuostatos<\/strong><br\/>10.1 \u0160ioms Privatumo politikos nuostatoms taikoma Lietuvos Respublikos teis\u0117. Visi d\u0117l \u0161i\u0173\u00a0Privatumo politikos nuostat\u0173 kil\u0119 gin\u010dai bus sprend\u017eiami derybomis, o joms nepavykus \u2013\u00a0Lietuvos Respublikos teismuose.<br\/>\u0160iose Privatumo politikos nuostatose s\u0105voka \u201e\u0161is tinklapis\u201c yra nuoroda \u012f www.lostescape.lt<\/p>\n","protected":false},"excerpt":{"rendered":"<p>UAB \u201cOsteris\u201d\u012emon\u0117s kodas:\u00a0303355536, Kaunas, Juozapavi\u010diaus pr. 3L ( toliau Bendrov\u0117)  [&#8230;]<\/p>\n","protected":false},"author":1,"featured_media":0,"parent":0,"menu_order":0,"comment_status":"closed","ping_status":"closed","template":"","meta":{"_acf_changed":false,"footnotes":""},"class_list":["post-286","page","type-page","status-publish","hentry"],"acf":[],"yoast_head":"<!-- This site is optimized with the Yoast SEO plugin v27.3 - https:\/\/yoast.com\/product\/yoast-seo-wordpress\/ -->\n<title>Privacy policy - LostEscape escape rooms in Kaunas |LostEscape<\/title>\n<meta name=\"robots\" content=\"index, follow, max-snippet:-1, max-image-preview:large, max-video-preview:-1\" \/>\n<link rel=\"canonical\" href=\"https:\/\/lostescape.lt\/en\/privacy-policy\/\" \/>\n<meta property=\"og:locale\" content=\"en_US\" \/>\n<meta property=\"og:type\" content=\"article\" \/>\n<meta property=\"og:title\" content=\"Privacy policy - LostEscape escape rooms in Kaunas |LostEscape\" \/>\n<meta property=\"og:description\" content=\"UAB \u201cOsteris\u201d\u012emon\u0117s kodas:\u00a0303355536, Kaunas, Juozapavi\u010diaus pr. 3L ( toliau Bendrov\u0117) [...]\" \/>\n<meta property=\"og:url\" content=\"https:\/\/lostescape.lt\/en\/privacy-policy\/\" \/>\n<meta property=\"og:site_name\" content=\"LostEscape escape rooms in Kaunas |LostEscape\" \/>\n<meta name=\"twitter:card\" content=\"summary_large_image\" \/>\n<meta name=\"twitter:label1\" content=\"Est. reading time\" \/>\n\t<meta name=\"twitter:data1\" content=\"10 minutes\" \/>\n<script type=\"application\/ld+json\" class=\"yoast-schema-graph\">{\"@context\":\"https:\\\/\\\/schema.org\",\"@graph\":[{\"@type\":\"WebPage\",\"@id\":\"https:\\\/\\\/lostescape.lt\\\/en\\\/privacy-policy\\\/\",\"url\":\"https:\\\/\\\/lostescape.lt\\\/en\\\/privacy-policy\\\/\",\"name\":\"Privacy policy - LostEscape escape rooms in Kaunas |LostEscape\",\"isPartOf\":{\"@id\":\"https:\\\/\\\/lostescape.lt\\\/#website\"},\"datePublished\":\"2020-11-25T07:40:28+00:00\",\"breadcrumb\":{\"@id\":\"https:\\\/\\\/lostescape.lt\\\/en\\\/privacy-policy\\\/#breadcrumb\"},\"inLanguage\":\"en-US\",\"potentialAction\":[{\"@type\":\"ReadAction\",\"target\":[\"https:\\\/\\\/lostescape.lt\\\/en\\\/privacy-policy\\\/\"]}]},{\"@type\":\"BreadcrumbList\",\"@id\":\"https:\\\/\\\/lostescape.lt\\\/en\\\/privacy-policy\\\/#breadcrumb\",\"itemListElement\":[{\"@type\":\"ListItem\",\"position\":1,\"name\":\"Home\",\"item\":\"https:\\\/\\\/lostescape.lt\\\/\"},{\"@type\":\"ListItem\",\"position\":2,\"name\":\"Privacy policy\"}]},{\"@type\":\"WebSite\",\"@id\":\"https:\\\/\\\/lostescape.lt\\\/#website\",\"url\":\"https:\\\/\\\/lostescape.lt\\\/\",\"name\":\"LostEscape escape rooms in Kaunas |LostEscape\",\"description\":\"60 minu\u010di\u0173 kurios pakeis tavo gyvenim\u0105\",\"potentialAction\":[{\"@type\":\"SearchAction\",\"target\":{\"@type\":\"EntryPoint\",\"urlTemplate\":\"https:\\\/\\\/lostescape.lt\\\/?s={search_term_string}\"},\"query-input\":{\"@type\":\"PropertyValueSpecification\",\"valueRequired\":true,\"valueName\":\"search_term_string\"}}],\"inLanguage\":\"en-US\"}]}<\/script>\n<!-- \/ Yoast SEO plugin. -->","yoast_head_json":{"title":"Privacy policy - LostEscape escape rooms in Kaunas |LostEscape","robots":{"index":"index","follow":"follow","max-snippet":"max-snippet:-1","max-image-preview":"max-image-preview:large","max-video-preview":"max-video-preview:-1"},"canonical":"https:\/\/lostescape.lt\/en\/privacy-policy\/","og_locale":"en_US","og_type":"article","og_title":"Privacy policy - LostEscape escape rooms in Kaunas |LostEscape","og_description":"UAB \u201cOsteris\u201d\u012emon\u0117s kodas:\u00a0303355536, Kaunas, Juozapavi\u010diaus pr. 3L ( toliau Bendrov\u0117) [...]","og_url":"https:\/\/lostescape.lt\/en\/privacy-policy\/","og_site_name":"LostEscape escape rooms in Kaunas |LostEscape","twitter_card":"summary_large_image","twitter_misc":{"Est. reading time":"10 minutes"},"schema":{"@context":"https:\/\/schema.org","@graph":[{"@type":"WebPage","@id":"https:\/\/lostescape.lt\/en\/privacy-policy\/","url":"https:\/\/lostescape.lt\/en\/privacy-policy\/","name":"Privacy policy - LostEscape escape rooms in Kaunas |LostEscape","isPartOf":{"@id":"https:\/\/lostescape.lt\/#website"},"datePublished":"2020-11-25T07:40:28+00:00","breadcrumb":{"@id":"https:\/\/lostescape.lt\/en\/privacy-policy\/#breadcrumb"},"inLanguage":"en-US","potentialAction":[{"@type":"ReadAction","target":["https:\/\/lostescape.lt\/en\/privacy-policy\/"]}]},{"@type":"BreadcrumbList","@id":"https:\/\/lostescape.lt\/en\/privacy-policy\/#breadcrumb","itemListElement":[{"@type":"ListItem","position":1,"name":"Home","item":"https:\/\/lostescape.lt\/"},{"@type":"ListItem","position":2,"name":"Privacy policy"}]},{"@type":"WebSite","@id":"https:\/\/lostescape.lt\/#website","url":"https:\/\/lostescape.lt\/","name":"LostEscape escape rooms in Kaunas |LostEscape","description":"60 minu\u010di\u0173 kurios pakeis tavo gyvenim\u0105","potentialAction":[{"@type":"SearchAction","target":{"@type":"EntryPoint","urlTemplate":"https:\/\/lostescape.lt\/?s={search_term_string}"},"query-input":{"@type":"PropertyValueSpecification","valueRequired":true,"valueName":"search_term_string"}}],"inLanguage":"en-US"}]}},"_links":{"self":[{"href":"https:\/\/lostescape.lt\/en\/wp-json\/wp\/v2\/pages\/286","targetHints":{"allow":["GET"]}}],"collection":[{"href":"https:\/\/lostescape.lt\/en\/wp-json\/wp\/v2\/pages"}],"about":[{"href":"https:\/\/lostescape.lt\/en\/wp-json\/wp\/v2\/types\/page"}],"author":[{"embeddable":true,"href":"https:\/\/lostescape.lt\/en\/wp-json\/wp\/v2\/users\/1"}],"replies":[{"embeddable":true,"href":"https:\/\/lostescape.lt\/en\/wp-json\/wp\/v2\/comments?post=286"}],"version-history":[{"count":0,"href":"https:\/\/lostescape.lt\/en\/wp-json\/wp\/v2\/pages\/286\/revisions"}],"wp:attachment":[{"href":"https:\/\/lostescape.lt\/en\/wp-json\/wp\/v2\/media?parent=286"}],"curies":[{"name":"wp","href":"https:\/\/api.w.org\/{rel}","templated":true}]}}