{"id":335,"date":"2020-11-25T12:41:44","date_gmt":"2020-11-25T10:41:44","guid":{"rendered":"https:\/\/lostescape.lt\/homepage\/"},"modified":"2024-03-09T13:35:04","modified_gmt":"2024-03-09T11:35:04","slug":"homepage","status":"publish","type":"page","link":"https:\/\/lostescape.lt\/en\/","title":{"rendered":"Homepage"},"content":{"rendered":"<div class=\"fusion-fullwidth fullwidth-box fusion-builder-row-1 fusion-flex-container has-pattern-background has-mask-background hundred-percent-fullwidth hundred-percent-height hundred-percent-height-center-content non-hundred-percent-height-scrolling hover-type-row\" style=\"--awb-border-radius-top-left:0px;--awb-border-radius-top-right:0px;--awb-border-radius-bottom-right:0px;--awb-border-radius-bottom-left:0px;--awb-padding-right:0px;--awb-padding-left:0px;--awb-flex-wrap:wrap;\" ><div class=\"fusion-builder-row fusion-row fusion-flex-align-items-center fusion-flex-justify-content-center fusion-flex-content-wrap\" style=\"width:calc( 100% + 0px ) !important;max-width:calc( 100% + 0px ) !important;margin-left: calc(-0px \/ 2 );margin-right: calc(-0px \/ 2 );\"><div class=\"fusion-layout-column fusion_builder_column fusion-builder-column-0 fusion_builder_column_1_2 1_2 fusion-flex-column fusion-flex-align-self-stretch\" style=\"--awb-padding-top:30px;--awb-padding-right:30px;--awb-padding-bottom:30px;--awb-padding-left:30px;--awb-bg-color:var(--awb-color1);--awb-bg-color-hover:var(--awb-color1);--awb-bg-size:cover;--awb-border-color:#ffffff;--awb-border-style:solid;--awb-width-large:50%;--awb-margin-top-large:0px;--awb-spacing-right-large:0px;--awb-margin-bottom-large:0px;--awb-spacing-left-large:0px;--awb-width-medium:50%;--awb-order-medium:0;--awb-spacing-right-medium:0px;--awb-spacing-left-medium:0px;--awb-width-small:100%;--awb-order-small:0;--awb-spacing-right-small:0px;--awb-spacing-left-small:0px;\" data-scroll-devices=\"small-visibility,medium-visibility,large-visibility\"><div class=\"fusion-column-wrapper fusion-column-has-shadow fusion-flex-justify-content-center fusion-content-layout-column\"><div class=\"fusion-image-element \" style=\"text-align:center;--awb-caption-title-font-family:var(--h2_typography-font-family);--awb-caption-title-font-weight:var(--h2_typography-font-weight);--awb-caption-title-font-style:var(--h2_typography-font-style);--awb-caption-title-size:var(--h2_typography-font-size);--awb-caption-title-transform:var(--h2_typography-text-transform);--awb-caption-title-line-height:var(--h2_typography-line-height);--awb-caption-title-letter-spacing:var(--h2_typography-letter-spacing);\"><span class=\" fusion-imageframe imageframe-none imageframe-1 hover-type-none\"><a class=\"fusion-no-lightbox\" href=\"https:\/\/lostescape.lt\/en\/lostescape-real\/\" target=\"_self\" aria-label=\"losescape logo\"><img decoding=\"async\" width=\"500\" height=\"351\" src=\"https:\/\/lostescape.lt\/wp-content\/uploads\/2024\/03\/losescape-logo.png\" alt class=\"img-responsive wp-image-24116\" srcset=\"https:\/\/lostescape.lt\/wp-content\/uploads\/2024\/03\/losescape-logo-200x140.png 200w, https:\/\/lostescape.lt\/wp-content\/uploads\/2024\/03\/losescape-logo-400x281.png 400w, https:\/\/lostescape.lt\/wp-content\/uploads\/2024\/03\/losescape-logo.png 500w\" sizes=\"(max-width: 640px) 100vw, 500px\" \/><\/a><\/span><\/div><div class=\"fusion-title title fusion-title-1 fusion-sep-none fusion-title-center fusion-title-text fusion-title-size-two\" style=\"--awb-margin-top-small:10px;--awb-margin-right-small:0px;--awb-margin-bottom-small:10px;--awb-margin-left-small:0px;\"><h2 class=\"fusion-title-heading title-heading-center fusion-responsive-typography-calculated\" style=\"margin:0;--fontSize:40;line-height:1.2;\"><span class=\"HwtZe\" lang=\"en\"><span class=\"jCAhz ChMk0b\"><span class=\"ryNqvb\">Escape rooms<\/span><\/span><\/span><\/h2><\/div><\/div><\/div><div class=\"fusion-layout-column fusion_builder_column fusion-builder-column-1 fusion_builder_column_1_2 1_2 fusion-flex-column fusion-flex-align-self-stretch\" style=\"--awb-padding-top:30px;--awb-padding-right:30px;--awb-padding-bottom:30px;--awb-padding-left:30px;--awb-bg-color:#212934;--awb-bg-color-hover:#212934;--awb-bg-size:cover;--awb-border-color:#ffffff;--awb-border-style:solid;--awb-width-large:50%;--awb-margin-top-large:0px;--awb-spacing-right-large:0px;--awb-margin-bottom-large:0px;--awb-spacing-left-large:0px;--awb-width-medium:50%;--awb-order-medium:0;--awb-spacing-right-medium:0px;--awb-spacing-left-medium:0px;--awb-width-small:100%;--awb-order-small:0;--awb-spacing-right-small:0px;--awb-spacing-left-small:0px;\" data-scroll-devices=\"small-visibility,medium-visibility,large-visibility\"><div class=\"fusion-column-wrapper fusion-column-has-shadow fusion-flex-justify-content-center fusion-content-layout-column\"><div class=\"fusion-image-element \" style=\"text-align:center;--awb-caption-title-font-family:var(--h2_typography-font-family);--awb-caption-title-font-weight:var(--h2_typography-font-weight);--awb-caption-title-font-style:var(--h2_typography-font-style);--awb-caption-title-size:var(--h2_typography-font-size);--awb-caption-title-transform:var(--h2_typography-text-transform);--awb-caption-title-line-height:var(--h2_typography-line-height);--awb-caption-title-letter-spacing:var(--h2_typography-letter-spacing);\"><span class=\" fusion-imageframe imageframe-none imageframe-2 hover-type-none\"><a class=\"fusion-no-lightbox\" href=\"https:\/\/lostescape.lt\/en\/lostlaser\/\" target=\"_self\" aria-label=\"lostlaser-white\"><img decoding=\"async\" width=\"500\" height=\"351\" src=\"https:\/\/lostescape.lt\/wp-content\/uploads\/2024\/03\/lostlaser-white.png\" alt class=\"img-responsive wp-image-24118\" srcset=\"https:\/\/lostescape.lt\/wp-content\/uploads\/2024\/03\/lostlaser-white-200x140.png 200w, https:\/\/lostescape.lt\/wp-content\/uploads\/2024\/03\/lostlaser-white-400x281.png 400w, https:\/\/lostescape.lt\/wp-content\/uploads\/2024\/03\/lostlaser-white.png 500w\" sizes=\"(max-width: 640px) 100vw, 500px\" \/><\/a><\/span><\/div><div class=\"fusion-title title fusion-title-2 fusion-sep-none fusion-title-center fusion-title-text fusion-title-size-two\" style=\"--awb-text-color:var(--awb-color1);--awb-margin-top-small:10px;--awb-margin-right-small:0px;--awb-margin-bottom-small:10px;--awb-margin-left-small:0px;\"><h2 class=\"fusion-title-heading title-heading-center fusion-responsive-typography-calculated\" style=\"margin:0;--fontSize:40;line-height:1.2;\"><span class=\"HwtZe\" lang=\"en\"><span class=\"jCAhz ChMk0b\"><span class=\"ryNqvb\">Laser arena<\/span><\/span><\/span><\/h2><\/div><\/div><\/div><\/div><\/div>\n","protected":false},"excerpt":{"rendered":"","protected":false},"author":1,"featured_media":0,"parent":0,"menu_order":0,"comment_status":"closed","ping_status":"closed","template":"100-width.php","meta":{"_acf_changed":false,"footnotes":""},"class_list":["post-335","page","type-page","status-publish","hentry"],"acf":[],"yoast_head":"<!-- This site is optimized with the Yoast SEO plugin v27.3 - https:\/\/yoast.com\/product\/yoast-seo-wordpress\/ -->\n<title>Homepage - escape rooms and laser arena in Kaunas<\/title>\n<meta name=\"robots\" content=\"index, follow, max-snippet:-1, max-image-preview:large, max-video-preview:-1\" \/>\n<link rel=\"canonical\" href=\"https:\/\/lostescape.lt\/\" \/>\n<meta property=\"og:locale\" content=\"en_US\" \/>\n<meta property=\"og:type\" content=\"article\" \/>\n<meta property=\"og:title\" content=\"Homepage - escape rooms and laser arena in Kaunas\" \/>\n<meta property=\"og:url\" content=\"https:\/\/lostescape.lt\/\" \/>\n<meta property=\"og:site_name\" content=\"LostEscape escape rooms in Kaunas |LostEscape\" \/>\n<meta property=\"article:modified_time\" content=\"2024-03-09T11:35:04+00:00\" \/>\n<meta property=\"og:image\" content=\"https:\/\/lostescape.lt\/wp-content\/uploads\/2020\/11\/sale2-2-300x300.jpg\" \/>\n<meta name=\"twitter:card\" content=\"summary_large_image\" \/>\n<meta name=\"twitter:label1\" content=\"Est. reading time\" \/>\n\t<meta name=\"twitter:data1\" content=\"1 minute\" \/>\n<script type=\"application\/ld+json\" class=\"yoast-schema-graph\">{\"@context\":\"https:\\\/\\\/schema.org\",\"@graph\":[{\"@type\":\"WebPage\",\"@id\":\"https:\\\/\\\/lostescape.lt\\\/\",\"url\":\"https:\\\/\\\/lostescape.lt\\\/\",\"name\":\"Homepage - escape rooms and laser arena in Kaunas\",\"isPartOf\":{\"@id\":\"https:\\\/\\\/lostescape.lt\\\/#website\"},\"datePublished\":\"2020-11-25T10:41:44+00:00\",\"dateModified\":\"2024-03-09T11:35:04+00:00\",\"breadcrumb\":{\"@id\":\"https:\\\/\\\/lostescape.lt\\\/#breadcrumb\"},\"inLanguage\":\"en-US\",\"potentialAction\":[{\"@type\":\"ReadAction\",\"target\":[\"https:\\\/\\\/lostescape.lt\\\/\"]}]},{\"@type\":\"BreadcrumbList\",\"@id\":\"https:\\\/\\\/lostescape.lt\\\/#breadcrumb\",\"itemListElement\":[{\"@type\":\"ListItem\",\"position\":1,\"name\":\"Home\",\"item\":\"https:\\\/\\\/lostescape.lt\\\/\"},{\"@type\":\"ListItem\",\"position\":2,\"name\":\"Homepage\"}]},{\"@type\":\"WebSite\",\"@id\":\"https:\\\/\\\/lostescape.lt\\\/#website\",\"url\":\"https:\\\/\\\/lostescape.lt\\\/\",\"name\":\"LostEscape escape rooms in Kaunas |LostEscape\",\"description\":\"60 minu\u010di\u0173 kurios pakeis tavo gyvenim\u0105\",\"potentialAction\":[{\"@type\":\"SearchAction\",\"target\":{\"@type\":\"EntryPoint\",\"urlTemplate\":\"https:\\\/\\\/lostescape.lt\\\/?s={search_term_string}\"},\"query-input\":{\"@type\":\"PropertyValueSpecification\",\"valueRequired\":true,\"valueName\":\"search_term_string\"}}],\"inLanguage\":\"en-US\"}]}<\/script>\n<!-- \/ Yoast SEO plugin. -->","yoast_head_json":{"title":"Homepage - escape rooms and laser arena in Kaunas","robots":{"index":"index","follow":"follow","max-snippet":"max-snippet:-1","max-image-preview":"max-image-preview:large","max-video-preview":"max-video-preview:-1"},"canonical":"https:\/\/lostescape.lt\/","og_locale":"en_US","og_type":"article","og_title":"Homepage - escape rooms and laser arena in Kaunas","og_url":"https:\/\/lostescape.lt\/","og_site_name":"LostEscape escape rooms in Kaunas |LostEscape","article_modified_time":"2024-03-09T11:35:04+00:00","og_image":[{"url":"https:\/\/lostescape.lt\/wp-content\/uploads\/2020\/11\/sale2-2-300x300.jpg","type":"","width":"","height":""}],"twitter_card":"summary_large_image","twitter_misc":{"Est. reading time":"1 minute"},"schema":{"@context":"https:\/\/schema.org","@graph":[{"@type":"WebPage","@id":"https:\/\/lostescape.lt\/","url":"https:\/\/lostescape.lt\/","name":"Homepage - escape rooms and laser arena in Kaunas","isPartOf":{"@id":"https:\/\/lostescape.lt\/#website"},"datePublished":"2020-11-25T10:41:44+00:00","dateModified":"2024-03-09T11:35:04+00:00","breadcrumb":{"@id":"https:\/\/lostescape.lt\/#breadcrumb"},"inLanguage":"en-US","potentialAction":[{"@type":"ReadAction","target":["https:\/\/lostescape.lt\/"]}]},{"@type":"BreadcrumbList","@id":"https:\/\/lostescape.lt\/#breadcrumb","itemListElement":[{"@type":"ListItem","position":1,"name":"Home","item":"https:\/\/lostescape.lt\/"},{"@type":"ListItem","position":2,"name":"Homepage"}]},{"@type":"WebSite","@id":"https:\/\/lostescape.lt\/#website","url":"https:\/\/lostescape.lt\/","name":"LostEscape escape rooms in Kaunas |LostEscape","description":"60 minu\u010di\u0173 kurios pakeis tavo gyvenim\u0105","potentialAction":[{"@type":"SearchAction","target":{"@type":"EntryPoint","urlTemplate":"https:\/\/lostescape.lt\/?s={search_term_string}"},"query-input":{"@type":"PropertyValueSpecification","valueRequired":true,"valueName":"search_term_string"}}],"inLanguage":"en-US"}]}},"_links":{"self":[{"href":"https:\/\/lostescape.lt\/en\/wp-json\/wp\/v2\/pages\/335","targetHints":{"allow":["GET"]}}],"collection":[{"href":"https:\/\/lostescape.lt\/en\/wp-json\/wp\/v2\/pages"}],"about":[{"href":"https:\/\/lostescape.lt\/en\/wp-json\/wp\/v2\/types\/page"}],"author":[{"embeddable":true,"href":"https:\/\/lostescape.lt\/en\/wp-json\/wp\/v2\/users\/1"}],"replies":[{"embeddable":true,"href":"https:\/\/lostescape.lt\/en\/wp-json\/wp\/v2\/comments?post=335"}],"version-history":[{"count":5,"href":"https:\/\/lostescape.lt\/en\/wp-json\/wp\/v2\/pages\/335\/revisions"}],"predecessor-version":[{"id":24140,"href":"https:\/\/lostescape.lt\/en\/wp-json\/wp\/v2\/pages\/335\/revisions\/24140"}],"wp:attachment":[{"href":"https:\/\/lostescape.lt\/en\/wp-json\/wp\/v2\/media?parent=335"}],"curies":[{"name":"wp","href":"https:\/\/api.w.org\/{rel}","templated":true}]}}