{"id":31413,"date":"2023-09-06T13:24:26","date_gmt":"2023-09-06T10:24:26","guid":{"rendered":"https:\/\/lostescape.lt\/produktas\/room-reservation\/"},"modified":"2023-09-06T13:24:26","modified_gmt":"2023-09-06T10:24:26","slug":"room-reservation","status":"publish","type":"product","link":"https:\/\/lostescape.lt\/en\/produktas\/room-reservation\/","title":{"rendered":"Room reservation"},"content":{"rendered":"","protected":false},"excerpt":{"rendered":"","protected":false},"featured_media":0,"template":"","meta":{"_acf_changed":false},"product_brand":[],"product_cat":[15],"product_tag":[],"class_list":{"0":"post-31413","1":"product","2":"type-product","3":"status-publish","5":"product_cat-be-kategorijos","7":"first","8":"instock","9":"downloadable","10":"virtual","11":"taxable","12":"purchasable","13":"product-type-simple"},"acf":[],"yoast_head":"<!-- This site is optimized with the Yoast SEO plugin v27.3 - https:\/\/yoast.com\/product\/yoast-seo-wordpress\/ -->\n<title>Room reservation - LostEscape escape rooms in Kaunas |LostEscape<\/title>\n<meta name=\"robots\" content=\"index, follow, max-snippet:-1, max-image-preview:large, max-video-preview:-1\" \/>\n<link rel=\"canonical\" href=\"https:\/\/lostescape.lt\/en\/produktas\/room-reservation\/\" \/>\n<meta property=\"og:locale\" content=\"en_US\" \/>\n<meta property=\"og:type\" content=\"article\" \/>\n<meta property=\"og:title\" content=\"Room reservation - LostEscape escape rooms in Kaunas |LostEscape\" \/>\n<meta property=\"og:url\" content=\"https:\/\/lostescape.lt\/en\/produktas\/room-reservation\/\" \/>\n<meta property=\"og:site_name\" content=\"LostEscape escape rooms in Kaunas |LostEscape\" \/>\n<meta name=\"twitter:card\" content=\"summary_large_image\" \/>\n<script type=\"application\/ld+json\" class=\"yoast-schema-graph\">{\"@context\":\"https:\\\/\\\/schema.org\",\"@graph\":[{\"@type\":\"WebPage\",\"@id\":\"https:\\\/\\\/lostescape.lt\\\/en\\\/produktas\\\/room-reservation\\\/\",\"url\":\"https:\\\/\\\/lostescape.lt\\\/en\\\/produktas\\\/room-reservation\\\/\",\"name\":\"Room reservation - LostEscape escape rooms in Kaunas |LostEscape\",\"isPartOf\":{\"@id\":\"https:\\\/\\\/lostescape.lt\\\/#website\"},\"datePublished\":\"2023-09-06T10:24:26+00:00\",\"breadcrumb\":{\"@id\":\"https:\\\/\\\/lostescape.lt\\\/en\\\/produktas\\\/room-reservation\\\/#breadcrumb\"},\"inLanguage\":\"en-US\",\"potentialAction\":[{\"@type\":\"ReadAction\",\"target\":[\"https:\\\/\\\/lostescape.lt\\\/en\\\/produktas\\\/room-reservation\\\/\"]}]},{\"@type\":\"BreadcrumbList\",\"@id\":\"https:\\\/\\\/lostescape.lt\\\/en\\\/produktas\\\/room-reservation\\\/#breadcrumb\",\"itemListElement\":[{\"@type\":\"ListItem\",\"position\":1,\"name\":\"Home\",\"item\":\"https:\\\/\\\/lostescape.lt\\\/\"},{\"@type\":\"ListItem\",\"position\":2,\"name\":\"Produktai\",\"item\":\"https:\\\/\\\/lostescape.lt\\\/shop\\\/\"},{\"@type\":\"ListItem\",\"position\":3,\"name\":\"Room reservation\"}]},{\"@type\":\"WebSite\",\"@id\":\"https:\\\/\\\/lostescape.lt\\\/#website\",\"url\":\"https:\\\/\\\/lostescape.lt\\\/\",\"name\":\"LostEscape escape rooms in Kaunas |LostEscape\",\"description\":\"60 minu\u010di\u0173 kurios pakeis tavo gyvenim\u0105\",\"potentialAction\":[{\"@type\":\"SearchAction\",\"target\":{\"@type\":\"EntryPoint\",\"urlTemplate\":\"https:\\\/\\\/lostescape.lt\\\/?s={search_term_string}\"},\"query-input\":{\"@type\":\"PropertyValueSpecification\",\"valueRequired\":true,\"valueName\":\"search_term_string\"}}],\"inLanguage\":\"en-US\"}]}<\/script>\n<!-- \/ Yoast SEO plugin. -->","yoast_head_json":{"title":"Room reservation - LostEscape escape rooms in Kaunas |LostEscape","robots":{"index":"index","follow":"follow","max-snippet":"max-snippet:-1","max-image-preview":"max-image-preview:large","max-video-preview":"max-video-preview:-1"},"canonical":"https:\/\/lostescape.lt\/en\/produktas\/room-reservation\/","og_locale":"en_US","og_type":"article","og_title":"Room reservation - LostEscape escape rooms in Kaunas |LostEscape","og_url":"https:\/\/lostescape.lt\/en\/produktas\/room-reservation\/","og_site_name":"LostEscape escape rooms in Kaunas |LostEscape","twitter_card":"summary_large_image","schema":{"@context":"https:\/\/schema.org","@graph":[{"@type":"WebPage","@id":"https:\/\/lostescape.lt\/en\/produktas\/room-reservation\/","url":"https:\/\/lostescape.lt\/en\/produktas\/room-reservation\/","name":"Room reservation - LostEscape escape rooms in Kaunas |LostEscape","isPartOf":{"@id":"https:\/\/lostescape.lt\/#website"},"datePublished":"2023-09-06T10:24:26+00:00","breadcrumb":{"@id":"https:\/\/lostescape.lt\/en\/produktas\/room-reservation\/#breadcrumb"},"inLanguage":"en-US","potentialAction":[{"@type":"ReadAction","target":["https:\/\/lostescape.lt\/en\/produktas\/room-reservation\/"]}]},{"@type":"BreadcrumbList","@id":"https:\/\/lostescape.lt\/en\/produktas\/room-reservation\/#breadcrumb","itemListElement":[{"@type":"ListItem","position":1,"name":"Home","item":"https:\/\/lostescape.lt\/"},{"@type":"ListItem","position":2,"name":"Produktai","item":"https:\/\/lostescape.lt\/shop\/"},{"@type":"ListItem","position":3,"name":"Room reservation"}]},{"@type":"WebSite","@id":"https:\/\/lostescape.lt\/#website","url":"https:\/\/lostescape.lt\/","name":"LostEscape escape rooms in Kaunas |LostEscape","description":"60 minu\u010di\u0173 kurios pakeis tavo gyvenim\u0105","potentialAction":[{"@type":"SearchAction","target":{"@type":"EntryPoint","urlTemplate":"https:\/\/lostescape.lt\/?s={search_term_string}"},"query-input":{"@type":"PropertyValueSpecification","valueRequired":true,"valueName":"search_term_string"}}],"inLanguage":"en-US"}]}},"_links":{"self":[{"href":"https:\/\/lostescape.lt\/en\/wp-json\/wp\/v2\/product\/31413","targetHints":{"allow":["GET"]}}],"collection":[{"href":"https:\/\/lostescape.lt\/en\/wp-json\/wp\/v2\/product"}],"about":[{"href":"https:\/\/lostescape.lt\/en\/wp-json\/wp\/v2\/types\/product"}],"wp:attachment":[{"href":"https:\/\/lostescape.lt\/en\/wp-json\/wp\/v2\/media?parent=31413"}],"wp:term":[{"taxonomy":"product_brand","embeddable":true,"href":"https:\/\/lostescape.lt\/en\/wp-json\/wp\/v2\/product_brand?post=31413"},{"taxonomy":"product_cat","embeddable":true,"href":"https:\/\/lostescape.lt\/en\/wp-json\/wp\/v2\/product_cat?post=31413"},{"taxonomy":"product_tag","embeddable":true,"href":"https:\/\/lostescape.lt\/en\/wp-json\/wp\/v2\/product_tag?post=31413"}],"curies":[{"name":"wp","href":"https:\/\/api.w.org\/{rel}","templated":true}]}}